{"id":3361,"date":"2021-04-19T13:49:12","date_gmt":"2021-04-19T13:49:12","guid":{"rendered":"https:\/\/avadawebsites.wpengine.com\/classic\/?page_id=3361"},"modified":"2024-10-03T12:29:27","modified_gmt":"2024-10-03T12:29:27","slug":"classic-home","status":"publish","type":"page","link":"https:\/\/unvaccinator.com\/","title":{"rendered":"Classic Home"},"content":{"rendered":"<div class=\"fusion-fullwidth fullwidth-box fusion-builder-row-1 fusion-flex-container has-pattern-background has-mask-background fusion-parallax-none nonhundred-percent-fullwidth non-hundred-percent-height-scrolling lazyload\" style=\"--link_hover_color: var(--awb-color5);--link_color: var(--awb-color5);--awb-border-color:var(--awb-color1);--awb-border-radius-top-left:0px;--awb-border-radius-top-right:0px;--awb-border-radius-bottom-right:0px;--awb-border-radius-bottom-left:0px;--awb-padding-top:9vw;--awb-padding-bottom:0px;--awb-padding-top-small:70px;--awb-padding-right-small:40px;--awb-padding-bottom-small:70px;--awb-padding-left-small:40px;--awb-margin-top:0px;--awb-margin-bottom:0px;--awb-margin-bottom-medium:80px;--awb-margin-bottom-small:60px;--awb-background-color:var(--awb-color8);--awb-background-image:linear-gradient(152deg, var(--awb-color8) 0%,var(--awb-color8) 70%);;--awb-background-image-small:linear-gradient(152deg, var(--awb-color8) 0%,var(--awb-color8) 70%);;--awb-background-size:cover;--awb-flex-wrap:wrap;\" data-bg=\"https:\/\/unvaccinator.com\/wp-content\/uploads\/2021\/11\/banner-12.jpg\" data-fusion-responsive-bg=\"1\" data-bg-small=\"https:\/\/unvaccinator.com\/wp-content\/uploads\/2023\/05\/hero-mobile.jpg\" data-bg-gradient=\"linear-gradient(152deg, var(--awb-color8) 0%,var(--awb-color8) 70%)\" ><div class=\"fusion-builder-row fusion-row fusion-flex-align-items-center fusion-flex-justify-content-center fusion-flex-content-wrap\" style=\"max-width:1216.8px;margin-left: calc(-4% \/ 2 );margin-right: calc(-4% \/ 2 );\"><div class=\"fusion-layout-column fusion_builder_column fusion-builder-column-0 fusion_builder_column_2_3 2_3 fusion-flex-column\" style=\"--awb-bg-size:cover;--awb-width-large:66.666666666667%;--awb-margin-top-large:0px;--awb-spacing-right-large:2.88%;--awb-margin-bottom-large:70px;--awb-spacing-left-large:2.88%;--awb-width-medium:100%;--awb-order-medium:0;--awb-spacing-right-medium:1.92%;--awb-spacing-left-medium:1.92%;--awb-width-small:100%;--awb-order-small:0;--awb-spacing-right-small:1.92%;--awb-spacing-left-small:1.92%;\" data-scroll-devices=\"small-visibility,medium-visibility,large-visibility\"><div class=\"fusion-column-wrapper fusion-column-has-shadow fusion-flex-justify-content-flex-start fusion-content-layout-column\"><div class=\"fusion-text fusion-text-1 fusion-text-no-margin\" style=\"--awb-text-color:var(--awb-color1);--awb-margin-bottom:70px;\"><h2>Turn back the clock 3 years<\/h2>\n<p>Are you tired more often, demotivated, have you got less strength and recuperative power, do you wake up tired, have chest pressure, can&#8217;t get pregnant or did a miscarriage, got cancer, your physical symptoms got much worse after the C19 gene therapy, then you probably have a reaction to the endless creation of spikes after genetic engineering.<\/p>\n<p>Get back the strength and energy you had 3 years back with the Gene Reversal Techique, and get \u201cunvaccinated\u201d with this unique treatment.<\/p>\n<p>This technique can be performed by appointment anywhere in Europe or in the United Arab Emirates.<\/p>\n<p>Price 5000 euro per treatment (ask for family package deal)<\/p>\n<p>Because we live in hightides of censorship, lies and tyranny more info can only be shared behind a protected wall, please fill in the form to prove you are a real person and more info will be provided to you.<\/p>\n<h2>Draai de klok 3 jaar terug<\/h2>\n<p>Bent u vaker moe, gedemotiveerd, heeft u minder kracht en recuperatievermogen, raakt u niet meer uitgeslapen, heeft u een druk op de borst, kan u niet meer zwanger raken of deed u een miskraam, kreeg u kanker,<span class=\"Apple-converted-space\">\u00a0 <\/span>werden uw fysieke klachten veel erger na de C19 gen-therapie, dan heeft u waarschijnlijk een reactie op de eindeloze aanmaak van spike\u2019s na genetische manipulatie.<\/p>\n<p>Krijg terug de kracht en energie van 3 jaar terug met de Gene Reversal Techique, en laat u \u201contvaccineren\u201d met deze unieke behandeling.<\/p>\n<p>Deze techniek kan na afspraak overal in Europa gebeuren of in de Verenigde Arabische Emiraten.<\/p>\n<p>Prijs 5000 euro per behandeling (vraag naar gezinsarrangement)<\/p>\n<p>Omdat we leven in een hoogtij van censuur, leugens en tirannie kan meer informatie alleen worden gedeeld achter een beschermde muur. Vul het formulier in om te bewijzen dat je een echt persoon bent en er zal je meer informatie worden verstrekt.<\/p>\n<h2>Remonter le temps 3 ans<\/h2>\n<p>\u00cates\u00a0vous\u00a0plus souvent fatigu\u00e9? D\u00e9motiv\u00e9? Avez-vous\u00a0moins de force qu\u2019avant et \u00e9prouvez-vous des difficult\u00e9s \u00e0 r\u00e9cup\u00e9rer? Vous ne vous sentez pas repos\u00e9 le matin?\u00a0Ressentez-vous\u00a0une pression thoracique? Avez-vous des\u00a0difficult\u00e9s \u00e0 tomber enceinte\u00a0ou avez-vous\u00a0fait une fausse couche? Avez-vous\u00a0un cancer? Vos sympt\u00f4mes physiques se sont-ils aggrav\u00e9s apr\u00e8s la th\u00e9rapie\u00a0g\u00e9nique\u00a0C19?<\/p>\n<p>Dans \u00a0ce cas, vous avez probablement une r\u00e9action \u00e0 la fabrication\u00a0\u00a0permanente de prot\u00e9ine spike\u00a0suite \u00e0 \u00a0la\u00a0th\u00e9rapie\u00a0g\u00e9nique.<\/p>\n<p>Vous pouvez retrouver la force et l&#8217;\u00e9nergie d&#8217;il y a 3 ans gr\u00e2ce \u00e0 la \u00ab technique d&#8217;inversion g\u00e9nique \u00bb, et soyez \u00ab d\u00e9-vaccin\u00e9 \u00bb gr\u00e2ce \u00e0 ce traitement unique.<\/p>\n<p>Cette technique peut \u00eatre pratiqu\u00e9e sur rendez-vous partout en Europe ou dans les \u00c9mirats arabes unis.<\/p>\n<p>Prix : 5000 euros par traitement\u00a0(Demandez un forfait familial)<\/p>\n<p>Comme nous vivons dans les hautes sph\u00e8res de la censure, du mensonge et de la tyrannie, plus d&#8217;informations ne peuvent \u00eatre partag\u00e9es que derri\u00e8re un mur prot\u00e9g\u00e9.<\/p>\n<\/div><div style=\"text-align:center;\"><a class=\"fusion-button button-flat fusion-button-default-size button-default fusion-button-default button-1 fusion-button-default-span fusion-button-default-type\" style=\"--button_padding-top:10px;--button_padding-bottom:10px;--button_margin-top:10px;--button_margin-bottom:10px;\" target=\"_blank\" rel=\"noopener noreferrer\" href=\"https:\/\/unvaccinator.com\/index.php\/form\/\"><span class=\"fusion-button-text awb-button__text awb-button__text--default\">Sign up and get a login<\/span><\/a><\/div><div style=\"text-align:center;\"><a class=\"fusion-button button-flat fusion-button-default-size button-default fusion-button-default button-2 fusion-button-default-span fusion-button-default-type\" style=\"--button_padding-top:12px;--button_padding-bottom:12px;--button_margin-top:12px;--button_margin-bottom:12px;\" target=\"_self\" href=\"http:\/\/unvaccinator.com\/wp-login.php\"><span class=\"fusion-button-text awb-button__text awb-button__text--default\">Login to read more<\/span><\/a><\/div><\/div><\/div><\/div><\/div>\n","protected":false},"excerpt":{"rendered":"","protected":false},"author":2,"featured_media":0,"parent":0,"menu_order":0,"comment_status":"closed","ping_status":"closed","template":"100-width.php","meta":{"footnotes":""},"class_list":["post-3361","page","type-page","status-publish","hentry"],"_links":{"self":[{"href":"https:\/\/unvaccinator.com\/index.php\/wp-json\/wp\/v2\/pages\/3361","targetHints":{"allow":["GET"]}}],"collection":[{"href":"https:\/\/unvaccinator.com\/index.php\/wp-json\/wp\/v2\/pages"}],"about":[{"href":"https:\/\/unvaccinator.com\/index.php\/wp-json\/wp\/v2\/types\/page"}],"author":[{"embeddable":true,"href":"https:\/\/unvaccinator.com\/index.php\/wp-json\/wp\/v2\/users\/2"}],"replies":[{"embeddable":true,"href":"https:\/\/unvaccinator.com\/index.php\/wp-json\/wp\/v2\/comments?post=3361"}],"version-history":[{"count":30,"href":"https:\/\/unvaccinator.com\/index.php\/wp-json\/wp\/v2\/pages\/3361\/revisions"}],"predecessor-version":[{"id":5288,"href":"https:\/\/unvaccinator.com\/index.php\/wp-json\/wp\/v2\/pages\/3361\/revisions\/5288"}],"wp:attachment":[{"href":"https:\/\/unvaccinator.com\/index.php\/wp-json\/wp\/v2\/media?parent=3361"}],"curies":[{"name":"wp","href":"https:\/\/api.w.org\/{rel}","templated":true}]}}